{"id":25,"date":"2015-08-15T10:53:35","date_gmt":"2015-08-15T10:53:35","guid":{"rendered":"http:\/\/freimueller.ch\/wordpress\/?page_id=25"},"modified":"2024-01-29T21:10:56","modified_gmt":"2024-01-29T21:10:56","slug":"pension","status":"publish","type":"page","link":"https:\/\/freimueller.ch\/?page_id=25","title":{"rendered":"PENSION &#038; PREISE"},"content":{"rendered":"<p>Neben einem vielseitigen und sch\u00f6nen Gel\u00e4nde f\u00fcr lange Ausritte finden Sie bei uns folgende Infrastruktur:<\/p>\n<p>&#8211; Reithalle 22,5 x 45,0<br \/>\n&#8211; Allwetterplatz 45,0 x 60,0 (Flutlicht)<br \/>\n&#8211; Grosse helle Boxen mit Aussenfenster<br \/>\n&#8211; F\u00fchranlage (gedeckt)<br \/>\n&#8211; Reiterst\u00fcbli (60 Personen) &#8211; (K\u00fcche)<br \/>\n&#8211; separate, kleinere Reithalle f\u00fcr ruhiges &amp; ungest\u00f6rtes Arbeiten mit Ihrem Pferd<\/p>\n<div style=\"width: 736px;\" class=\"wp-video\"><video class=\"wp-video-shortcode\" id=\"video-25-1\" width=\"736\" height=\"414\" preload=\"metadata\" controls=\"controls\"><source type=\"video\/mp4\" src=\"http:\/\/freimueller.ch\/wp-content\/uploads\/2015\/08\/anlage_fmueller.mp4?_=1\" \/><a href=\"http:\/\/freimueller.ch\/wp-content\/uploads\/2015\/08\/anlage_fmueller.mp4\">http:\/\/freimueller.ch\/wp-content\/uploads\/2015\/08\/anlage_fmueller.mp4<\/a><\/video><\/div>\n<p><strong><br \/>\nGute Zufahrt ab Autobahn mit vielen Parkpl\u00e4tzen\u00a0 (PW \/ Transporter)<\/strong><\/p>\n<hr \/>\n<p>Preisliste unserer Dienstleistungen &#8211; g\u00fcltig ab 1. Januar 2024 (exkl. MWST):<\/p>\n<table style=\"height: 0px;\" width=\"640\">\n<tbody>\n<tr>\n<td><strong>Pension pro Pferd <\/strong><\/td>\n<td style=\"text-align: left;\">pro Monat Fr. 1&#8217;150.00 (inkl. MwSt)<\/td>\n<\/tr>\n<tr>\n<td><strong>Boxenreservation<\/strong><\/td>\n<td style=\"text-align: left;\">pro Monat Fr. 150.00<\/td>\n<\/tr>\n<tr>\n<td><\/td>\n<td><\/td>\n<\/tr>\n<tr>\n<td><strong>Einstellen LKW mit Strom<\/strong><\/td>\n<td>pro Jahr 1&#8217;200.00<\/td>\n<\/tr>\n<tr>\n<td><strong>Einstellen Pferdeanh\u00e4nger im Freien<\/strong><\/td>\n<td>pro Jahr Fr. 250.00<\/td>\n<\/tr>\n<tr>\n<td><\/td>\n<td><\/td>\n<\/tr>\n<tr>\n<td><strong>Weiden<\/strong><\/td>\n<td>Fr. 500.00<\/td>\n<\/tr>\n<tr>\n<td><\/td>\n<td><\/td>\n<\/tr>\n<tr>\n<td><strong>F\u00fchranlage:<\/strong><\/td>\n<td>pro Pferd \/ Monat Fr. 220.00<br \/>\npro Pferd \/ Benutzung Fr. 20.00<\/td>\n<\/tr>\n<tr>\n<td><strong>Springstunden<\/strong><br \/>\n<strong>Kontakt: Melanie Freim\u00fcller<\/strong><br \/>\n<strong>+41 79 710 05 80<\/strong><\/td>\n<td>Preis auf Anfrage<\/td>\n<\/tr>\n<\/tbody>\n<\/table>\n","protected":false},"excerpt":{"rendered":"<p>Neben einem vielseitigen und sch\u00f6nen Gel\u00e4nde f\u00fcr lange Ausritte finden Sie bei uns folgende Infrastruktur: &#8211; Reithalle 22,5 x 45,0 &#8211; Allwetterplatz 45,0 x 60,0 (Flutlicht) &#8211; Grosse helle Boxen mit Aussenfenster &#8211; F\u00fchranlage (gedeckt) &#8211; Reiterst\u00fcbli (60 Personen) &#8211; (K\u00fcche) &#8211; separate, kleinere Reithalle f\u00fcr ruhiges &amp; ungest\u00f6rtes Arbeiten mit Ihrem Pferd Gute Zufahrt [&hellip;]<\/p>\n","protected":false},"author":1,"featured_media":0,"parent":0,"menu_order":1,"comment_status":"closed","ping_status":"closed","template":"","meta":{"footnotes":""},"class_list":["post-25","page","type-page","status-publish","hentry"],"_links":{"self":[{"href":"https:\/\/freimueller.ch\/index.php?rest_route=\/wp\/v2\/pages\/25","targetHints":{"allow":["GET"]}}],"collection":[{"href":"https:\/\/freimueller.ch\/index.php?rest_route=\/wp\/v2\/pages"}],"about":[{"href":"https:\/\/freimueller.ch\/index.php?rest_route=\/wp\/v2\/types\/page"}],"author":[{"embeddable":true,"href":"https:\/\/freimueller.ch\/index.php?rest_route=\/wp\/v2\/users\/1"}],"replies":[{"embeddable":true,"href":"https:\/\/freimueller.ch\/index.php?rest_route=%2Fwp%2Fv2%2Fcomments&post=25"}],"version-history":[{"count":17,"href":"https:\/\/freimueller.ch\/index.php?rest_route=\/wp\/v2\/pages\/25\/revisions"}],"predecessor-version":[{"id":155,"href":"https:\/\/freimueller.ch\/index.php?rest_route=\/wp\/v2\/pages\/25\/revisions\/155"}],"wp:attachment":[{"href":"https:\/\/freimueller.ch\/index.php?rest_route=%2Fwp%2Fv2%2Fmedia&parent=25"}],"curies":[{"name":"wp","href":"https:\/\/api.w.org\/{rel}","templated":true}]}}