{"id":23,"date":"2015-08-15T10:53:23","date_gmt":"2015-08-15T10:53:23","guid":{"rendered":"http:\/\/freimueller.ch\/wordpress\/?page_id=23"},"modified":"2024-01-29T21:04:59","modified_gmt":"2024-01-29T21:04:59","slug":"reitschule","status":"publish","type":"page","link":"https:\/\/freimueller.ch\/?page_id=23","title":{"rendered":"REITSCHULE"},"content":{"rendered":"<p>Interessiert an Springstunden?<\/p>\n<p>Ob f\u00fcr Anf\u00e4nger oder Fortgeschrittene, treten Sie mit Melanie Freim\u00fcller in Kontakt f\u00fcr Springstunden f\u00fcr Erwachsene (ab 16 Jahre).<\/p>\n<p>Kontaktperson: Melanie Freim\u00fcller, +41 79 710 05 80<\/p>\n","protected":false},"excerpt":{"rendered":"<p>Interessiert an Springstunden? Ob f\u00fcr Anf\u00e4nger oder Fortgeschrittene, treten Sie mit Melanie Freim\u00fcller in Kontakt f\u00fcr Springstunden f\u00fcr Erwachsene (ab 16 Jahre). Kontaktperson: Melanie Freim\u00fcller, +41 79 710 05 80<\/p>\n","protected":false},"author":1,"featured_media":0,"parent":0,"menu_order":2,"comment_status":"closed","ping_status":"closed","template":"","meta":{"footnotes":""},"class_list":["post-23","page","type-page","status-publish","hentry"],"_links":{"self":[{"href":"https:\/\/freimueller.ch\/index.php?rest_route=\/wp\/v2\/pages\/23","targetHints":{"allow":["GET"]}}],"collection":[{"href":"https:\/\/freimueller.ch\/index.php?rest_route=\/wp\/v2\/pages"}],"about":[{"href":"https:\/\/freimueller.ch\/index.php?rest_route=\/wp\/v2\/types\/page"}],"author":[{"embeddable":true,"href":"https:\/\/freimueller.ch\/index.php?rest_route=\/wp\/v2\/users\/1"}],"replies":[{"embeddable":true,"href":"https:\/\/freimueller.ch\/index.php?rest_route=%2Fwp%2Fv2%2Fcomments&post=23"}],"version-history":[{"count":13,"href":"https:\/\/freimueller.ch\/index.php?rest_route=\/wp\/v2\/pages\/23\/revisions"}],"predecessor-version":[{"id":152,"href":"https:\/\/freimueller.ch\/index.php?rest_route=\/wp\/v2\/pages\/23\/revisions\/152"}],"wp:attachment":[{"href":"https:\/\/freimueller.ch\/index.php?rest_route=%2Fwp%2Fv2%2Fmedia&parent=23"}],"curies":[{"name":"wp","href":"https:\/\/api.w.org\/{rel}","templated":true}]}}